{"id":3,"date":"2024-07-09T07:48:09","date_gmt":"2024-07-09T07:48:09","guid":{"rendered":"https:\/\/staging5.team99.it\/?page_id=3"},"modified":"2024-11-01T13:02:57","modified_gmt":"2024-11-01T12:02:57","slug":"privacy-policy","status":"publish","type":"page","link":"https:\/\/mvsrl.it\/it\/privacy-policy\/","title":{"rendered":"Privacy Policy"},"content":{"rendered":"\n<div class=\"wp-block-cover is-light\"><span aria-hidden=\"true\" class=\"wp-block-cover__background has-background-gray-background-color has-background-dim-0 has-background-dim\"><\/span><div class=\"wp-block-cover__inner-container has-global-padding is-layout-constrained wp-block-cover-is-layout-constrained\">\n<h1 class=\"wp-block-heading has-xl-font-size\" style=\"margin-top:0;margin-bottom:var(--wp--preset--spacing--50);padding-top:10vh\">Privacy Policy<\/h1>\n\n\n\n<h3 class=\"wp-block-heading\"><strong>Informativa ex art. 13 D.lgs. 196\/2003<\/strong><\/h3>\n\n\n\n<p class=\"\">PDF TRADING S.r.l., cura con grande attenzione la privacy dei propri clienti. Desideriamo informarla che il D.lgs. n. 196 del 30 giugno 2003 (\u201cCodice in materia di protezione dei dati personali\u201d) prevede la tutela delle persone e di altri soggetti rispetto al trattamento dei dati personali.<br>Il titolare del trattamento MV S.r.l. desidera informarla che l\u2019utilizzo dei Suoi dati personali, da parte del proprio personale incaricato, avverr\u00e0 secondo le finalit\u00e0 e con le modalit\u00e0 indicate nella presente informativa. Il responsabile del trattamento \u00e8 identificato nella persona di MV S.r.l.<\/p>\n\n\n\n<h4 class=\"wp-block-heading\"><strong>A. Finalit\u00e0 del trattamento dati.<\/strong><\/h4>\n\n\n\n<p class=\"\">Il Trattamento dei Suoi dati personali avverr\u00e0 per le seguenti finalit\u00e0:<br>per esigenze propedeutiche e preliminari alla stipula dei contratti di vendita e\/o prestazione di servizi, per dare esecuzione ai medesimi e per la tutela delle posizioni creditizie ad essi conseguenti;<br>per adempiere a qualunque tipo di obbligo contemplato e previsto dalle vigenti leggi, regolamenti, normative correlate ed usi commerciali, in particolare, in materia tributaria\/fiscale;<br>per esigenze di carattere operativo, gestionale e contabile;<br>per necessit\u00e0 di monitoraggio dell\u2019andamento delle relazioni con i clienti\/fornitori e\/o per la prestazione di attivit\u00e0 di assistenza tecnico-commerciale e\/o dei rischi per migliorare tali relazioni;<br>per finalit\u00e0 commerciali e di marketing strategico ed operativo, anche a scopo di lucro, ivi comprese le comunicazioni commerciali e\/o promozionali, stato e disponibilit\u00e0 di prodotti e servizi, analisi del livello di soddisfazione dell\u2019utenza, etc.<\/p>\n\n\n\n<h4 class=\"wp-block-heading\"><strong>B. Modalit\u00e0 del trattamento dati.<\/strong><\/h4>\n\n\n\n<p class=\"\">I Suoi dati personali verranno trattati principalmente con strumenti informatici e saranno conservati sia in un archivio cartaceo, nella banca dati elettronica societaria e nel database del relativo sito internet per adempiere agli obblighi e alle finalit\u00e0 indicati al punto A) della presente informativa. I dati contenuti nel predetto sistema informativo automatizzato sono trattati utilizzando idonee misure di sicurezza ai sensi dell\u2019art. 31 del D. Lgs. 196\/03, in modo da ridurne al minimo i rischi di distruzione o perdita, di accesso non autorizzato o di trattamento non conforme alle finalit\u00e0 della raccolta.<\/p>\n\n\n\n<h4 class=\"wp-block-heading\"><strong>C. Natura del conferimento e conseguenze del rifiuto di rispondere.<\/strong><\/h4>\n\n\n\n<p class=\"\">Il conferimento dei dati indicati nella prima formula di consenso \u00e8 obbligatorio per consentire alla scrivente societ\u00e0 di adempiere agli obblighi previsti dalla legge italiana ovvero dalla normativa comunitaria (per es. fatturazione al cliente). Un eventuale rifiuto dell\u2019utente di inserire tali dati richiesti non consentir\u00e0 l\u2019instaurazione del rapporto contrattuale con MV S.r.l. Il conferimento dei dati relativi alla seconda spunta della formula del consenso \u00e8 facoltativo, anche se consigliato ai fini di una migliore qualit\u00e0 dei servizi offerti agli utenti; il rifiuto dell\u2019utente al conferimento di tale categoria di dati non avr\u00e0 conseguenze ai fini dell\u2019instaurazione del rapporto contrattuale.<\/p>\n\n\n\n<h4 class=\"wp-block-heading\"><strong>D. Comunicazione dei dati.<\/strong><\/h4>\n\n\n\n<p class=\"\">I dati personali raccolti per le finalit\u00e0 elencate nel paragrafo A saranno comunicati a soggetti terzi solo se sar\u00e0 necessario per adempiere ad obblighi previsti dalla legge, ovvero in esecuzione delle obbligazioni derivanti dal contratto di cui \u00e8 parte l\u2019interessato. I dati personali potranno altres\u00ec essere comunicati a tutti gli altri soggetti competenti per lo svolgimento, anche parziale, di attivit\u00e0 inerenti l\u2019incarico.<br>I Suoi dati personali potranno inoltre essere comunicati a terzi per attivit\u00e0 promozionali, offerte di prodotti e\/o servizi, invio di materiale pubblicitario o di vendita diretta, comunicazioni commerciali anche interattive e realizzate per finalit\u00e0 lucrative, ovvero per il compimento di ricerche, indagini di mercato ed analisi del livello di soddisfazione della clientela.<\/p>\n\n\n\n<h4 class=\"wp-block-heading\"><strong>E. Diritti dell\u2019interessato.<\/strong><\/h4>\n\n\n\n<p class=\"\">L\u2019interessato ha diritto in qualunque momento di ottenere la conferma dell\u2019esistenza o meno dei propri dati e di conoscerne il contenuto e l\u2019origine, verificarne l\u2019esattezza o chiederne l\u2019integrazione o l\u2019aggiornamento, la rettificazione o la cancellazione. Inoltre l\u2019interessato pu\u00f2 sempre esercitare tutti gli altri diritti riconosciutigli dall\u2019art. 7, D. Lgs. 196\/2003, tra cui in particolare quello di opporsi, per motivi legittimi, al trattamento stesso. Per l\u2019esercizio di questi diritti l\u2019interessato pu\u00f2 contattare MV S.r.l. tramite raccomandata all\u2019indirizzo Via F.lli Cervi, 7 \u2013 46023 Gonzaga (MN) oppure via mail all\u2019indirizzo&nbsp;<a href=\"mailto:info@mvsrl.it\">info@mvsrl.it<\/a><\/p>\n\n\n\n<div style=\"height:100px\" aria-hidden=\"true\" class=\"wp-block-spacer\"><\/div>\n<\/div><\/div>\n","protected":false},"excerpt":{"rendered":"","protected":false},"author":1,"featured_media":0,"parent":0,"menu_order":0,"comment_status":"closed","ping_status":"closed","template":"","meta":{"_acf_changed":false,"footnotes":""},"class_list":["post-3","page","type-page","status-publish","hentry"],"yoast_head":"<!-- This site is optimized with the Yoast SEO plugin v27.4 - https:\/\/yoast.com\/product\/yoast-seo-wordpress\/ -->\n<title>Privacy Policy - MV Medical Devices<\/title>\n<meta name=\"robots\" content=\"index, follow, max-snippet:-1, max-image-preview:large, max-video-preview:-1\" \/>\n<link rel=\"canonical\" href=\"https:\/\/mvsrl.it\/it\/privacy-policy\/\" \/>\n<meta property=\"og:locale\" content=\"it_IT\" \/>\n<meta property=\"og:type\" content=\"article\" \/>\n<meta property=\"og:title\" content=\"Privacy Policy - MV Medical Devices\" \/>\n<meta property=\"og:url\" content=\"https:\/\/mvsrl.it\/it\/privacy-policy\/\" \/>\n<meta property=\"og:site_name\" content=\"MV Medical Devices\" \/>\n<meta property=\"article:publisher\" content=\"https:\/\/www.facebook.com\/mvmedicaldevices\/\" \/>\n<meta property=\"article:modified_time\" content=\"2024-11-01T12:02:57+00:00\" \/>\n<meta name=\"twitter:card\" content=\"summary_large_image\" \/>\n<meta name=\"twitter:label1\" content=\"Tempo di lettura stimato\" \/>\n\t<meta name=\"twitter:data1\" content=\"3 minuti\" \/>\n<script type=\"application\/ld+json\" class=\"yoast-schema-graph\">{\"@context\":\"https:\\\/\\\/schema.org\",\"@graph\":[{\"@type\":\"WebPage\",\"@id\":\"https:\\\/\\\/mvsrl.it\\\/it\\\/privacy-policy\\\/\",\"url\":\"https:\\\/\\\/mvsrl.it\\\/it\\\/privacy-policy\\\/\",\"name\":\"Privacy Policy - MV Medical Devices\",\"isPartOf\":{\"@id\":\"https:\\\/\\\/mvsrl.it\\\/it\\\/#website\"},\"datePublished\":\"2024-07-09T07:48:09+00:00\",\"dateModified\":\"2024-11-01T12:02:57+00:00\",\"breadcrumb\":{\"@id\":\"https:\\\/\\\/mvsrl.it\\\/it\\\/privacy-policy\\\/#breadcrumb\"},\"inLanguage\":\"it-IT\",\"potentialAction\":[{\"@type\":\"ReadAction\",\"target\":[\"https:\\\/\\\/mvsrl.it\\\/it\\\/privacy-policy\\\/\"]}]},{\"@type\":\"BreadcrumbList\",\"@id\":\"https:\\\/\\\/mvsrl.it\\\/it\\\/privacy-policy\\\/#breadcrumb\",\"itemListElement\":[{\"@type\":\"ListItem\",\"position\":1,\"name\":\"Home\",\"item\":\"https:\\\/\\\/mvsrl.it\\\/it\\\/\"},{\"@type\":\"ListItem\",\"position\":2,\"name\":\"Privacy Policy\"}]},{\"@type\":\"WebSite\",\"@id\":\"https:\\\/\\\/mvsrl.it\\\/it\\\/#website\",\"url\":\"https:\\\/\\\/mvsrl.it\\\/it\\\/\",\"name\":\"MV Medical Devices\",\"description\":\"\",\"publisher\":{\"@id\":\"https:\\\/\\\/mvsrl.it\\\/it\\\/#organization\"},\"potentialAction\":[{\"@type\":\"SearchAction\",\"target\":{\"@type\":\"EntryPoint\",\"urlTemplate\":\"https:\\\/\\\/mvsrl.it\\\/it\\\/?s={search_term_string}\"},\"query-input\":{\"@type\":\"PropertyValueSpecification\",\"valueRequired\":true,\"valueName\":\"search_term_string\"}}],\"inLanguage\":\"it-IT\"},{\"@type\":\"Organization\",\"@id\":\"https:\\\/\\\/mvsrl.it\\\/it\\\/#organization\",\"name\":\"MV Medical Devices\",\"url\":\"https:\\\/\\\/mvsrl.it\\\/it\\\/\",\"logo\":{\"@type\":\"ImageObject\",\"inLanguage\":\"it-IT\",\"@id\":\"https:\\\/\\\/mvsrl.it\\\/it\\\/#\\\/schema\\\/logo\\\/image\\\/\",\"url\":\"https:\\\/\\\/mvsrl.it\\\/wp-content\\\/uploads\\\/2024\\\/09\\\/logo-a-colori.svg\",\"contentUrl\":\"https:\\\/\\\/mvsrl.it\\\/wp-content\\\/uploads\\\/2024\\\/09\\\/logo-a-colori.svg\",\"caption\":\"MV Medical Devices\"},\"image\":{\"@id\":\"https:\\\/\\\/mvsrl.it\\\/it\\\/#\\\/schema\\\/logo\\\/image\\\/\"},\"sameAs\":[\"https:\\\/\\\/www.facebook.com\\\/mvmedicaldevices\\\/\"]}]}<\/script>\n<!-- \/ Yoast SEO plugin. -->","yoast_head_json":{"title":"Privacy Policy - MV Medical Devices","robots":{"index":"index","follow":"follow","max-snippet":"max-snippet:-1","max-image-preview":"max-image-preview:large","max-video-preview":"max-video-preview:-1"},"canonical":"https:\/\/mvsrl.it\/it\/privacy-policy\/","og_locale":"it_IT","og_type":"article","og_title":"Privacy Policy - MV Medical Devices","og_url":"https:\/\/mvsrl.it\/it\/privacy-policy\/","og_site_name":"MV Medical Devices","article_publisher":"https:\/\/www.facebook.com\/mvmedicaldevices\/","article_modified_time":"2024-11-01T12:02:57+00:00","twitter_card":"summary_large_image","twitter_misc":{"Tempo di lettura stimato":"3 minuti"},"schema":{"@context":"https:\/\/schema.org","@graph":[{"@type":"WebPage","@id":"https:\/\/mvsrl.it\/it\/privacy-policy\/","url":"https:\/\/mvsrl.it\/it\/privacy-policy\/","name":"Privacy Policy - MV Medical Devices","isPartOf":{"@id":"https:\/\/mvsrl.it\/it\/#website"},"datePublished":"2024-07-09T07:48:09+00:00","dateModified":"2024-11-01T12:02:57+00:00","breadcrumb":{"@id":"https:\/\/mvsrl.it\/it\/privacy-policy\/#breadcrumb"},"inLanguage":"it-IT","potentialAction":[{"@type":"ReadAction","target":["https:\/\/mvsrl.it\/it\/privacy-policy\/"]}]},{"@type":"BreadcrumbList","@id":"https:\/\/mvsrl.it\/it\/privacy-policy\/#breadcrumb","itemListElement":[{"@type":"ListItem","position":1,"name":"Home","item":"https:\/\/mvsrl.it\/it\/"},{"@type":"ListItem","position":2,"name":"Privacy Policy"}]},{"@type":"WebSite","@id":"https:\/\/mvsrl.it\/it\/#website","url":"https:\/\/mvsrl.it\/it\/","name":"MV Medical Devices","description":"","publisher":{"@id":"https:\/\/mvsrl.it\/it\/#organization"},"potentialAction":[{"@type":"SearchAction","target":{"@type":"EntryPoint","urlTemplate":"https:\/\/mvsrl.it\/it\/?s={search_term_string}"},"query-input":{"@type":"PropertyValueSpecification","valueRequired":true,"valueName":"search_term_string"}}],"inLanguage":"it-IT"},{"@type":"Organization","@id":"https:\/\/mvsrl.it\/it\/#organization","name":"MV Medical Devices","url":"https:\/\/mvsrl.it\/it\/","logo":{"@type":"ImageObject","inLanguage":"it-IT","@id":"https:\/\/mvsrl.it\/it\/#\/schema\/logo\/image\/","url":"https:\/\/mvsrl.it\/wp-content\/uploads\/2024\/09\/logo-a-colori.svg","contentUrl":"https:\/\/mvsrl.it\/wp-content\/uploads\/2024\/09\/logo-a-colori.svg","caption":"MV Medical Devices"},"image":{"@id":"https:\/\/mvsrl.it\/it\/#\/schema\/logo\/image\/"},"sameAs":["https:\/\/www.facebook.com\/mvmedicaldevices\/"]}]}},"acf":[],"_links":{"self":[{"href":"https:\/\/mvsrl.it\/it\/wp-json\/wp\/v2\/pages\/3","targetHints":{"allow":["GET"]}}],"collection":[{"href":"https:\/\/mvsrl.it\/it\/wp-json\/wp\/v2\/pages"}],"about":[{"href":"https:\/\/mvsrl.it\/it\/wp-json\/wp\/v2\/types\/page"}],"author":[{"embeddable":true,"href":"https:\/\/mvsrl.it\/it\/wp-json\/wp\/v2\/users\/1"}],"replies":[{"embeddable":true,"href":"https:\/\/mvsrl.it\/it\/wp-json\/wp\/v2\/comments?post=3"}],"version-history":[{"count":6,"href":"https:\/\/mvsrl.it\/it\/wp-json\/wp\/v2\/pages\/3\/revisions"}],"predecessor-version":[{"id":2353,"href":"https:\/\/mvsrl.it\/it\/wp-json\/wp\/v2\/pages\/3\/revisions\/2353"}],"wp:attachment":[{"href":"https:\/\/mvsrl.it\/it\/wp-json\/wp\/v2\/media?parent=3"}],"curies":[{"name":"wp","href":"https:\/\/api.w.org\/{rel}","templated":true}]}}